{"id":3012,"date":"2024-02-07T07:59:48","date_gmt":"2024-02-07T06:59:48","guid":{"rendered":"https:\/\/crewschoolinternational.com\/servicios-de-orientacion-laboral\/"},"modified":"2024-04-03T09:21:20","modified_gmt":"2024-04-03T07:21:20","slug":"servicios-de-orientacion-laboral","status":"publish","type":"page","link":"https:\/\/crewschoolinternational.com\/es\/servicios-de-orientacion-laboral\/","title":{"rendered":"Servicios de orientaci\u00f3n laboral"},"content":{"rendered":"\t\t<div data-elementor-type=\"wp-page\" data-elementor-id=\"3012\" class=\"elementor elementor-3012 elementor-1389\" data-elementor-post-type=\"page\">\n\t\t\t\t<header class=\"elementor-element elementor-element-cca627f e-flex e-con-boxed e-con e-parent\" data-id=\"cca627f\" data-element_type=\"container\" data-e-type=\"container\" data-settings=\"{&quot;background_background&quot;:&quot;classic&quot;}\">\n\t\t\t\t\t<div class=\"e-con-inner\">\n\t\t\t\t<div class=\"elementor-element elementor-element-4daf581 elementor-widget elementor-widget-spacer\" data-id=\"4daf581\" data-element_type=\"widget\" data-e-type=\"widget\" data-widget_type=\"spacer.default\">\n\t\t\t\t<div class=\"elementor-widget-container\">\n\t\t\t\t\t\t\t<div class=\"elementor-spacer\">\n\t\t\t<div class=\"elementor-spacer-inner\"><\/div>\n\t\t<\/div>\n\t\t\t\t\t\t<\/div>\n\t\t\t\t<\/div>\n\t\t\t\t\t<\/div>\n\t\t\t\t<\/header>\n\t\t<main class=\"elementor-element elementor-element-3a9ab93 e-flex e-con-boxed e-con e-parent\" data-id=\"3a9ab93\" data-element_type=\"container\" data-e-type=\"container\" data-settings=\"{&quot;background_background&quot;:&quot;classic&quot;}\">\n\t\t\t\t\t<div class=\"e-con-inner\">\n\t\t<div class=\"elementor-element elementor-element-b2a28c1 e-con-full e-flex e-con e-child\" data-id=\"b2a28c1\" data-element_type=\"container\" data-e-type=\"container\">\n\t\t\t\t<div class=\"elementor-element elementor-element-55bda3b elementor-widget elementor-widget-text-editor\" data-id=\"55bda3b\" data-element_type=\"widget\" data-e-type=\"widget\" data-widget_type=\"text-editor.default\">\n\t\t\t\t<div class=\"elementor-widget-container\">\n\t\t\t\t\t\t\t\t\t<p>Hoy en d\u00eda, nuestro servicio de orientaci\u00f3n laboral es sin\u00f3nimo de \u00e9xito en la preparaci\u00f3n del candidato para su trayectoria profesional.<\/p>\n<p>Incluye asistencia con la planificaci\u00f3n profesional, la b\u00fasqueda de empleo, el desarrollo de habilidades y la comprensi\u00f3n del mercado laboral.<\/p>\n\t\t\t\t\t\t\t\t<\/div>\n\t\t\t\t<\/div>\n\t\t\t\t<div class=\"elementor-element elementor-element-e743af7 elementor-list-item-link-inline elementor-mobile-align-center elementor-icon-list--layout-traditional elementor-widget elementor-widget-icon-list\" data-id=\"e743af7\" data-element_type=\"widget\" data-e-type=\"widget\" data-widget_type=\"icon-list.default\">\n\t\t\t\t<div class=\"elementor-widget-container\">\n\t\t\t\t\t\t\t<ul class=\"elementor-icon-list-items\">\n\t\t\t\t\t\t\t<li class=\"elementor-icon-list-item\">\n\t\t\t\t\t\t\t\t\t\t\t<span class=\"elementor-icon-list-icon\">\n\t\t\t\t\t\t\t<i aria-hidden=\"true\" class=\"fas fa-chevron-right\"><\/i>\t\t\t\t\t\t<\/span>\n\t\t\t\t\t\t\t\t\t\t<span class=\"elementor-icon-list-text\">Notificaci\u00f3n de ofertas de empleo, incluidas aquellas exclusivas para estudiantes de Crew School a trav\u00e9s de los convenios que mantenemos con diferentes L\u00edneas A\u00e9reas Internacionales.<\/span>\n\t\t\t\t\t\t\t\t\t<\/li>\n\t\t\t\t\t\t\t\t<li class=\"elementor-icon-list-item\">\n\t\t\t\t\t\t\t\t\t\t\t<span class=\"elementor-icon-list-icon\">\n\t\t\t\t\t\t\t<i aria-hidden=\"true\" class=\"fas fa-chevron-right\"><\/i>\t\t\t\t\t\t<\/span>\n\t\t\t\t\t\t\t\t\t\t<span class=\"elementor-icon-list-text\">Entrevistas de evaluaci\u00f3n.<\/span>\n\t\t\t\t\t\t\t\t\t<\/li>\n\t\t\t\t\t\t\t\t<li class=\"elementor-icon-list-item\">\n\t\t\t\t\t\t\t\t\t\t\t<span class=\"elementor-icon-list-icon\">\n\t\t\t\t\t\t\t<i aria-hidden=\"true\" class=\"fas fa-chevron-right\"><\/i>\t\t\t\t\t\t<\/span>\n\t\t\t\t\t\t\t\t\t\t<span class=\"elementor-icon-list-text\">Creaci\u00f3n \/ Revisi\u00f3n de perfil de LinkedIn, curr\u00edculum, carta de presentaci\u00f3n e im\u00e1genes evaluaci\u00f3n de fortalezas.<\/span>\n\t\t\t\t\t\t\t\t\t<\/li>\n\t\t\t\t\t\t\t\t<li class=\"elementor-icon-list-item\">\n\t\t\t\t\t\t\t\t\t\t\t<span class=\"elementor-icon-list-icon\">\n\t\t\t\t\t\t\t<i aria-hidden=\"true\" class=\"fas fa-chevron-right\"><\/i>\t\t\t\t\t\t<\/span>\n\t\t\t\t\t\t\t\t\t\t<span class=\"elementor-icon-list-text\">Juegos de rol.<\/span>\n\t\t\t\t\t\t\t\t\t<\/li>\n\t\t\t\t\t\t\t\t<li class=\"elementor-icon-list-item\">\n\t\t\t\t\t\t\t\t\t\t\t<span class=\"elementor-icon-list-icon\">\n\t\t\t\t\t\t\t<i aria-hidden=\"true\" class=\"fas fa-chevron-right\"><\/i>\t\t\t\t\t\t<\/span>\n\t\t\t\t\t\t\t\t\t\t<span class=\"elementor-icon-list-text\">Sesiones individuales\/presenciales.<\/span>\n\t\t\t\t\t\t\t\t\t<\/li>\n\t\t\t\t\t\t\t\t<li class=\"elementor-icon-list-item\">\n\t\t\t\t\t\t\t\t\t\t\t<span class=\"elementor-icon-list-icon\">\n\t\t\t\t\t\t\t<i aria-hidden=\"true\" class=\"fas fa-chevron-right\"><\/i>\t\t\t\t\t\t<\/span>\n\t\t\t\t\t\t\t\t\t\t<span class=\"elementor-icon-list-text\">Ser parte de una comunidad con grandes oportunidades de networking.<\/span>\n\t\t\t\t\t\t\t\t\t<\/li>\n\t\t\t\t\t\t\t\t<li class=\"elementor-icon-list-item\">\n\t\t\t\t\t\t\t\t\t\t\t<span class=\"elementor-icon-list-icon\">\n\t\t\t\t\t\t\t<i aria-hidden=\"true\" class=\"fas fa-chevron-right\"><\/i>\t\t\t\t\t\t<\/span>\n\t\t\t\t\t\t\t\t\t\t<span class=\"elementor-icon-list-text\">Seguimiento y soporte permanente.<\/span>\n\t\t\t\t\t\t\t\t\t<\/li>\n\t\t\t\t\t\t<\/ul>\n\t\t\t\t\t\t<\/div>\n\t\t\t\t<\/div>\n\t\t\t\t<\/div>\n\t\t<div class=\"elementor-element elementor-element-4320a9f e-con-full e-flex e-con e-child\" data-id=\"4320a9f\" data-element_type=\"container\" data-e-type=\"container\">\n\t\t\t\t<div class=\"elementor-element elementor-element-7570aa3 elementor-invisible elementor-widget elementor-widget-image\" data-id=\"7570aa3\" data-element_type=\"widget\" data-e-type=\"widget\" data-settings=\"{&quot;_animation&quot;:&quot;fadeInRight&quot;}\" data-widget_type=\"image.default\">\n\t\t\t\t<div class=\"elementor-widget-container\">\n\t\t\t\t\t\t\t\t\t\t\t\t\t\t\t<img fetchpriority=\"high\" decoding=\"async\" width=\"650\" height=\"975\" src=\"https:\/\/crewschoolinternational.com\/wp-content\/uploads\/2024\/02\/career_placement-650x975.jpg\" class=\"attachment-medium_large size-medium_large wp-image-2914\" alt=\"\" srcset=\"https:\/\/crewschoolinternational.com\/wp-content\/uploads\/2024\/02\/career_placement-650x975.jpg 650w, https:\/\/crewschoolinternational.com\/wp-content\/uploads\/2024\/02\/career_placement-300x450.jpg 300w, https:\/\/crewschoolinternational.com\/wp-content\/uploads\/2024\/02\/career_placement-867x1300.jpg 867w, https:\/\/crewschoolinternational.com\/wp-content\/uploads\/2024\/02\/career_placement-850x1275.jpg 850w, https:\/\/crewschoolinternational.com\/wp-content\/uploads\/2024\/02\/career_placement.jpg 1280w\" sizes=\"(max-width: 650px) 100vw, 650px\" \/>\t\t\t\t\t\t\t\t\t\t\t\t\t\t\t<\/div>\n\t\t\t\t<\/div>\n\t\t\t\t<\/div>\n\t\t\t\t\t<\/div>\n\t\t\t\t<\/main>\n\t\t<section class=\"elementor-element elementor-element-04ce5cd e-flex e-con-boxed e-con e-parent\" data-id=\"04ce5cd\" data-element_type=\"container\" data-e-type=\"container\" data-settings=\"{&quot;background_background&quot;:&quot;classic&quot;}\">\n\t\t\t\t\t<div class=\"e-con-inner\">\n\t\t<div class=\"elementor-element elementor-element-cbfb849 e-con-full e-flex e-con e-child\" data-id=\"cbfb849\" data-element_type=\"container\" data-e-type=\"container\">\n\t\t\t\t<div class=\"elementor-element elementor-element-a891309 elementor-widget elementor-widget-image\" data-id=\"a891309\" data-element_type=\"widget\" data-e-type=\"widget\" data-widget_type=\"image.default\">\n\t\t\t\t<div class=\"elementor-widget-container\">\n\t\t\t\t\t\t\t\t\t\t\t\t\t\t\t<img decoding=\"async\" width=\"650\" height=\"413\" src=\"https:\/\/crewschoolinternational.com\/wp-content\/uploads\/2024\/02\/dates_locations-650x413.jpg\" class=\"attachment-medium_large size-medium_large wp-image-2899\" alt=\"\" srcset=\"https:\/\/crewschoolinternational.com\/wp-content\/uploads\/2024\/02\/dates_locations-650x413.jpg 650w, https:\/\/crewschoolinternational.com\/wp-content\/uploads\/2024\/02\/dates_locations-450x286.jpg 450w, https:\/\/crewschoolinternational.com\/wp-content\/uploads\/2024\/02\/dates_locations-1300x825.jpg 1300w, https:\/\/crewschoolinternational.com\/wp-content\/uploads\/2024\/02\/dates_locations-850x540.jpg 850w, https:\/\/crewschoolinternational.com\/wp-content\/uploads\/2024\/02\/dates_locations.jpg 1402w\" sizes=\"(max-width: 650px) 100vw, 650px\" \/>\t\t\t\t\t\t\t\t\t\t\t\t\t\t\t<\/div>\n\t\t\t\t<\/div>\n\t\t\t\t<\/div>\n\t\t<div class=\"elementor-element elementor-element-5b301be e-con-full e-flex e-con e-child\" data-id=\"5b301be\" data-element_type=\"container\" data-e-type=\"container\">\n\t\t\t\t<div class=\"elementor-element elementor-element-93048f0 elementor-widget elementor-widget-text-editor\" data-id=\"93048f0\" data-element_type=\"widget\" data-e-type=\"widget\" data-widget_type=\"text-editor.default\">\n\t\t\t\t<div class=\"elementor-widget-container\">\n\t\t\t\t\t\t\t\t\t<p>Todos los alumnos matriculados en nuestra Formaci\u00f3n de Tripulantes de Cabina tienen estos servicios incluidos.<\/p>\n<p>Si no es estudiante de Crew School y est\u00e1s interesado en nuestra orientaci\u00f3n y apoyo de servicios profesionales.<\/p>\n<p><em><strong>Reserva <a href=\"#contact\">aqu\u00ed<\/a> tu sesi\u00f3n informativa con nuestro responsable de formaci\u00f3n.<\/strong><\/em><\/p>\n\t\t\t\t\t\t\t\t<\/div>\n\t\t\t\t<\/div>\n\t\t\t\t<div class=\"elementor-element elementor-element-e624ea8 elementor-blockquote--skin-quotation elementor-widget elementor-widget-blockquote\" data-id=\"e624ea8\" data-element_type=\"widget\" data-e-type=\"widget\" data-widget_type=\"blockquote.default\">\n\t\t\t\t<div class=\"elementor-widget-container\">\n\t\t\t\t\t\t\t<blockquote class=\"elementor-blockquote\">\n\t\t\t<p class=\"elementor-blockquote__content\">\n\t\t\t\tLas oportunidades no surgen, t\u00fa las creas.\t\t\t<\/p>\n\t\t\t\t\t\t\t<div class=\"e-q-footer\">\n\t\t\t\t\t\t\t\t\t\t\t<cite class=\"elementor-blockquote__author\">Chris Grosser<\/cite>\n\t\t\t\t\t\t\t\t\t\t\t\t\t\t<\/div>\n\t\t\t\t\t<\/blockquote>\n\t\t\t\t\t\t<\/div>\n\t\t\t\t<\/div>\n\t\t\t\t<\/div>\n\t\t\t\t\t<\/div>\n\t\t\t\t<\/section>\n\t\t<div class=\"elementor-element elementor-element-22d42a8 e-con-full e-flex e-con e-parent\" data-id=\"22d42a8\" data-element_type=\"container\" data-e-type=\"container\" id=\"contact\">\n\t\t\t\t<div class=\"elementor-element elementor-element-49c517d elementor-widget elementor-widget-template\" data-id=\"49c517d\" data-element_type=\"widget\" data-e-type=\"widget\" data-widget_type=\"template.default\">\n\t\t\t\t<div class=\"elementor-widget-container\">\n\t\t\t\t\t\t\t<div class=\"elementor-template\">\n\t\t\t\t\t<div data-elementor-type=\"container\" data-elementor-id=\"3074\" class=\"elementor elementor-3074 elementor-1242\" data-elementor-post-type=\"elementor_library\">\n\t\t\t\t<main class=\"elementor-element elementor-element-1372f77d e-flex e-con-boxed e-con e-parent\" data-id=\"1372f77d\" data-element_type=\"container\" data-e-type=\"container\" data-settings=\"{&quot;background_background&quot;:&quot;classic&quot;}\">\n\t\t\t\t\t<div class=\"e-con-inner\">\n\t\t<div class=\"elementor-element elementor-element-2ca6e1a7 e-con-full e-flex e-con e-child\" data-id=\"2ca6e1a7\" data-element_type=\"container\" data-e-type=\"container\">\n\t\t\t\t<div class=\"elementor-element elementor-element-477a0c1e elementor-widget__width-inherit elementor-widget elementor-widget-heading\" data-id=\"477a0c1e\" data-element_type=\"widget\" data-e-type=\"widget\" data-widget_type=\"heading.default\">\n\t\t\t\t<div class=\"elementor-widget-container\">\n\t\t\t\t\t<h2 class=\"elementor-heading-title elementor-size-default\" id=\"el-viaje-comienza-aqui\" title=\"El viaje comienza aqu\u00ed\">El viaje comienza aqu\u00ed<\/h2>\t\t\t\t<\/div>\n\t\t\t\t<\/div>\n\t\t\t\t<div class=\"elementor-element elementor-element-44671ac3 elementor-widget elementor-widget-text-editor\" data-id=\"44671ac3\" data-element_type=\"widget\" data-e-type=\"widget\" data-widget_type=\"text-editor.default\">\n\t\t\t\t<div class=\"elementor-widget-container\">\n\t\t\t\t\t\t\t\t\t<p>Si est\u00e1s interesado en obtener m\u00e1s informaci\u00f3n sobre nuestros servicios, completa el siguiente formulario o env\u00edanos un correo electr\u00f3nico con tus preguntas o consultas.<\/p>\n<p>Estaremos encantados de ayudarte con cualquier consulta.<\/p>\n\t\t\t\t\t\t\t\t<\/div>\n\t\t\t\t<\/div>\n\t\t\t\t<div class=\"elementor-element elementor-element-b52509c elementor-list-item-link-inline elementor-mobile-align-center elementor-icon-list--layout-traditional elementor-widget elementor-widget-icon-list\" data-id=\"b52509c\" data-element_type=\"widget\" data-e-type=\"widget\" data-widget_type=\"icon-list.default\">\n\t\t\t\t<div class=\"elementor-widget-container\">\n\t\t\t\t\t\t\t<ul class=\"elementor-icon-list-items\">\n\t\t\t\t\t\t\t<li class=\"elementor-icon-list-item\">\n\t\t\t\t\t\t\t\t\t\t\t<a href=\"tel:+34641647472\">\n\n\t\t\t\t\t\t\t\t\t\t\t\t<span class=\"elementor-icon-list-icon\">\n\t\t\t\t\t\t\t<i aria-hidden=\"true\" class=\"fas fa-mobile-alt\"><\/i>\t\t\t\t\t\t<\/span>\n\t\t\t\t\t\t\t\t\t\t<span class=\"elementor-icon-list-text\">Madrid (Espa\u00f1a): +34 641 64 74 72<\/span>\n\t\t\t\t\t\t\t\t\t\t\t<\/a>\n\t\t\t\t\t\t\t\t\t<\/li>\n\t\t\t\t\t\t\t\t<li class=\"elementor-icon-list-item\">\n\t\t\t\t\t\t\t\t\t\t\t<a href=\"tel:+34601494803\">\n\n\t\t\t\t\t\t\t\t\t\t\t\t<span class=\"elementor-icon-list-icon\">\n\t\t\t\t\t\t\t<i aria-hidden=\"true\" class=\"fas fa-mobile-alt\"><\/i>\t\t\t\t\t\t<\/span>\n\t\t\t\t\t\t\t\t\t\t<span class=\"elementor-icon-list-text\">Palma (Espa\u00f1a): +34 601 49 48 03<\/span>\n\t\t\t\t\t\t\t\t\t\t\t<\/a>\n\t\t\t\t\t\t\t\t\t<\/li>\n\t\t\t\t\t\t\t\t<li class=\"elementor-icon-list-item\">\n\t\t\t\t\t\t\t\t\t\t\t<a href=\"tel:+97455455960\">\n\n\t\t\t\t\t\t\t\t\t\t\t\t<span class=\"elementor-icon-list-icon\">\n\t\t\t\t\t\t\t<i aria-hidden=\"true\" class=\"fas fa-mobile-alt\"><\/i>\t\t\t\t\t\t<\/span>\n\t\t\t\t\t\t\t\t\t\t<span class=\"elementor-icon-list-text\">Middle East: +974 55 45 59 60<\/span>\n\t\t\t\t\t\t\t\t\t\t\t<\/a>\n\t\t\t\t\t\t\t\t\t<\/li>\n\t\t\t\t\t\t\t\t<li class=\"elementor-icon-list-item\">\n\t\t\t\t\t\t\t\t\t\t\t<a href=\"tel:+35679046764\">\n\n\t\t\t\t\t\t\t\t\t\t\t\t<span class=\"elementor-icon-list-icon\">\n\t\t\t\t\t\t\t<i aria-hidden=\"true\" class=\"fas fa-mobile-alt\"><\/i>\t\t\t\t\t\t<\/span>\n\t\t\t\t\t\t\t\t\t\t<span class=\"elementor-icon-list-text\">Malta: +356 79 04 67 64<\/span>\n\t\t\t\t\t\t\t\t\t\t\t<\/a>\n\t\t\t\t\t\t\t\t\t<\/li>\n\t\t\t\t\t\t\t\t<li class=\"elementor-icon-list-item\">\n\t\t\t\t\t\t\t\t\t\t\t<a href=\"mailto:contact@crewschoolinternational.com\">\n\n\t\t\t\t\t\t\t\t\t\t\t\t<span class=\"elementor-icon-list-icon\">\n\t\t\t\t\t\t\t<i aria-hidden=\"true\" class=\"far fa-envelope\"><\/i>\t\t\t\t\t\t<\/span>\n\t\t\t\t\t\t\t\t\t\t<span class=\"elementor-icon-list-text\">contact@crewschoolinternational.com<\/span>\n\t\t\t\t\t\t\t\t\t\t\t<\/a>\n\t\t\t\t\t\t\t\t\t<\/li>\n\t\t\t\t\t\t\t\t<li class=\"elementor-icon-list-item\">\n\t\t\t\t\t\t\t\t\t\t\t<a href=\"mailto:info@crewschoolmadrid.com\">\n\n\t\t\t\t\t\t\t\t\t\t\t\t<span class=\"elementor-icon-list-icon\">\n\t\t\t\t\t\t\t<i aria-hidden=\"true\" class=\"far fa-envelope\"><\/i>\t\t\t\t\t\t<\/span>\n\t\t\t\t\t\t\t\t\t\t<span class=\"elementor-icon-list-text\">info@crewschoolmadrid.com<\/span>\n\t\t\t\t\t\t\t\t\t\t\t<\/a>\n\t\t\t\t\t\t\t\t\t<\/li>\n\t\t\t\t\t\t<\/ul>\n\t\t\t\t\t\t<\/div>\n\t\t\t\t<\/div>\n\t\t\t\t<div class=\"elementor-element elementor-element-5a42c44e e-grid-align-left e-grid-align-mobile-center elementor-widget-mobile__width-initial elementor-shape-rounded elementor-grid-0 elementor-widget elementor-widget-social-icons\" data-id=\"5a42c44e\" data-element_type=\"widget\" data-e-type=\"widget\" data-widget_type=\"social-icons.default\">\n\t\t\t\t<div class=\"elementor-widget-container\">\n\t\t\t\t\t\t\t<div class=\"elementor-social-icons-wrapper elementor-grid\" role=\"list\">\n\t\t\t\t\t\t\t<span class=\"elementor-grid-item\" role=\"listitem\">\n\t\t\t\t\t<a class=\"elementor-icon elementor-social-icon elementor-social-icon-instagram elementor-repeater-item-a5b9fb7\" href=\"https:\/\/www.flaticon.es\/icono-gratis\/gorjeo_11823292?related_id=11823292\" target=\"_blank\" rel=\"noopener\">\n\t\t\t\t\t\t<span class=\"elementor-screen-only\">Instagram<\/span>\n\t\t\t\t\t\t<i aria-hidden=\"true\" class=\"fab fa-instagram\"><\/i>\t\t\t\t\t<\/a>\n\t\t\t\t<\/span>\n\t\t\t\t\t\t\t<span class=\"elementor-grid-item\" role=\"listitem\">\n\t\t\t\t\t<a class=\"elementor-icon elementor-social-icon elementor-social-icon-linkedin-in elementor-repeater-item-a611a59\" href=\"https:\/\/es.linkedin.com\/company\/crew-school\" target=\"_blank\" rel=\"noopener\">\n\t\t\t\t\t\t<span class=\"elementor-screen-only\">Linkedin-in<\/span>\n\t\t\t\t\t\t<i aria-hidden=\"true\" class=\"fab fa-linkedin-in\"><\/i>\t\t\t\t\t<\/a>\n\t\t\t\t<\/span>\n\t\t\t\t\t<\/div>\n\t\t\t\t\t\t<\/div>\n\t\t\t\t<\/div>\n\t\t\t\t<\/div>\n\t\t<div class=\"elementor-element elementor-element-7a60cb5c e-con-full e-flex e-con e-child\" data-id=\"7a60cb5c\" data-element_type=\"container\" data-e-type=\"container\" data-settings=\"{&quot;background_background&quot;:&quot;classic&quot;}\">\n\t\t\t\t<div class=\"elementor-element elementor-element-1a1bdb4d elementor-widget__width-inherit elementor-widget elementor-widget-heading\" data-id=\"1a1bdb4d\" data-element_type=\"widget\" data-e-type=\"widget\" data-widget_type=\"heading.default\">\n\t\t\t\t<div class=\"elementor-widget-container\">\n\t\t\t\t\t<span class=\"elementor-heading-title elementor-size-default\">Ponte en contacto<\/span>\t\t\t\t<\/div>\n\t\t\t\t<\/div>\n\t\t\t\t<div class=\"elementor-element elementor-element-ab278d8 elementor-widget elementor-widget-html\" data-id=\"ab278d8\" data-element_type=\"widget\" data-e-type=\"widget\" data-widget_type=\"html.default\">\n\t\t\t\t<div class=\"elementor-widget-container\">\n\t\t\t\t\t<div id=\"zf_div_VaUB7YiyB2mtEqTBV44anSGWGyNRW6CPHwazIDx0kbA\"><\/div><script type=\"text\/javascript\">(function() {\ntry{\nvar f = document.createElement(\"iframe\");\nf.src = 'https:\/\/forms.zohopublic.com\/crewschool\/form\/Webform\/formperma\/VaUB7YiyB2mtEqTBV44anSGWGyNRW6CPHwazIDx0kbA?zf_rszfm=1';\nf.style.border=\"none\";\nf.style.height=\"614px\";\nf.style.width=\"100%\";\nf.style.transition=\"all 0.5s ease\";\nf.setAttribute(\"aria-label\", 'Webform');\n\nvar d = document.getElementById(\"zf_div_VaUB7YiyB2mtEqTBV44anSGWGyNRW6CPHwazIDx0kbA\");\nd.appendChild(f);\nwindow.addEventListener('message', function (){\nvar evntData = event.data;\nif( evntData && evntData.constructor == String ){\nvar zf_ifrm_data = evntData.split(\"|\");\nif ( zf_ifrm_data.length == 2 || zf_ifrm_data.length == 3 ) {\nvar zf_perma = zf_ifrm_data[0];\nvar zf_ifrm_ht_nw = ( parseInt(zf_ifrm_data[1], 10) + 15 ) + \"px\";\nvar iframe = document.getElementById(\"zf_div_VaUB7YiyB2mtEqTBV44anSGWGyNRW6CPHwazIDx0kbA\").getElementsByTagName(\"iframe\")[0];\nif ( (iframe.src).indexOf('formperma') > 0 && (iframe.src).indexOf(zf_perma) > 0 ) {\nvar prevIframeHeight = iframe.style.height;\nvar zf_tout = false;\nif( zf_ifrm_data.length == 3 ) {\niframe.scrollIntoView();\nzf_tout = true;\n}\nif ( prevIframeHeight != zf_ifrm_ht_nw ) {\nif( zf_tout ) {\nsetTimeout(function(){\niframe.style.height = zf_ifrm_ht_nw;\n},500);\n} else {\niframe.style.height = zf_ifrm_ht_nw;\n}\n}\n}\n}\n}\n}, false);\n}catch(e){}\n})();<\/script>\t\t\t\t<\/div>\n\t\t\t\t<\/div>\n\t\t\t\t<\/div>\n\t\t\t\t\t<\/div>\n\t\t\t\t<\/main>\n\t\t\t\t<\/div>\n\t\t\t\t<\/div>\n\t\t\t\t\t\t<\/div>\n\t\t\t\t<\/div>\n\t\t\t\t<\/div>\n\t\t\t\t<\/div>\n\t\t","protected":false},"excerpt":{"rendered":"<p>Hoy en d\u00eda, nuestro servicio de orientaci\u00f3n laboral es sin\u00f3nimo de \u00e9xito en la preparaci\u00f3n del candidato para su trayectoria profesional. Incluye asistencia con la planificaci\u00f3n profesional, la b\u00fasqueda de empleo, el desarrollo de habilidades y la comprensi\u00f3n del mercado laboral. Notificaci\u00f3n de ofertas de empleo, incluidas aquellas exclusivas para estudiantes de Crew School a [&hellip;]<\/p>\n","protected":false},"author":1,"featured_media":2923,"parent":0,"menu_order":0,"comment_status":"closed","ping_status":"closed","template":"","meta":{"footnotes":""},"class_list":["post-3012","page","type-page","status-publish","has-post-thumbnail","hentry"],"_links":{"self":[{"href":"https:\/\/crewschoolinternational.com\/es\/wp-json\/wp\/v2\/pages\/3012","targetHints":{"allow":["GET"]}}],"collection":[{"href":"https:\/\/crewschoolinternational.com\/es\/wp-json\/wp\/v2\/pages"}],"about":[{"href":"https:\/\/crewschoolinternational.com\/es\/wp-json\/wp\/v2\/types\/page"}],"author":[{"embeddable":true,"href":"https:\/\/crewschoolinternational.com\/es\/wp-json\/wp\/v2\/users\/1"}],"replies":[{"embeddable":true,"href":"https:\/\/crewschoolinternational.com\/es\/wp-json\/wp\/v2\/comments?post=3012"}],"version-history":[{"count":2,"href":"https:\/\/crewschoolinternational.com\/es\/wp-json\/wp\/v2\/pages\/3012\/revisions"}],"predecessor-version":[{"id":3607,"href":"https:\/\/crewschoolinternational.com\/es\/wp-json\/wp\/v2\/pages\/3012\/revisions\/3607"}],"wp:featuredmedia":[{"embeddable":true,"href":"https:\/\/crewschoolinternational.com\/es\/wp-json\/wp\/v2\/media\/2923"}],"wp:attachment":[{"href":"https:\/\/crewschoolinternational.com\/es\/wp-json\/wp\/v2\/media?parent=3012"}],"curies":[{"name":"wp","href":"https:\/\/api.w.org\/{rel}","templated":true}]}}