{"id":3100,"date":"2022-12-13T23:39:18","date_gmt":"2022-12-13T22:39:18","guid":{"rendered":"https:\/\/crewschoolinternational.com\/politica-de-cookies\/"},"modified":"2024-04-04T09:25:19","modified_gmt":"2024-04-04T07:25:19","slug":"politica-de-cookies","status":"publish","type":"page","link":"https:\/\/crewschoolinternational.com\/es\/politica-de-cookies\/","title":{"rendered":"Pol\u00edtica de cookies"},"content":{"rendered":"\t\t<div data-elementor-type=\"wp-page\" data-elementor-id=\"3100\" class=\"elementor elementor-3100 elementor-76\" data-elementor-post-type=\"page\">\n\t\t\t\t<div class=\"elementor-element elementor-element-727806f e-flex e-con-boxed e-con e-parent\" data-id=\"727806f\" data-element_type=\"container\" data-e-type=\"container\" data-settings=\"{&quot;background_background&quot;:&quot;classic&quot;}\">\n\t\t\t\t\t<div class=\"e-con-inner\">\n\t\t\t\t<div class=\"elementor-element elementor-element-a25c26a elementor-widget elementor-widget-heading\" data-id=\"a25c26a\" data-element_type=\"widget\" data-e-type=\"widget\" data-widget_type=\"heading.default\">\n\t\t\t\t<div class=\"elementor-widget-container\">\n\t\t\t\t\t<h1 class=\"elementor-heading-title elementor-size-default\" id=\"politica-de-cookies\" title=\"Pol\u00edtica de cookies\">Pol\u00edtica de cookies<\/h1>\t\t\t\t<\/div>\n\t\t\t\t<\/div>\n\t\t\t\t\t<\/div>\n\t\t\t\t<\/div>\n\t\t<div class=\"elementor-element elementor-element-e15ec0d e-flex e-con-boxed e-con e-parent\" data-id=\"e15ec0d\" data-element_type=\"container\" data-e-type=\"container\">\n\t\t\t\t\t<div class=\"e-con-inner\">\n\t\t\t\t<div class=\"elementor-element elementor-element-eb5cb64 elementor-widget elementor-widget-text-editor\" data-id=\"eb5cb64\" data-element_type=\"widget\" data-e-type=\"widget\" id=\"contenido_articulo\" data-widget_type=\"text-editor.default\">\n\t\t\t\t<div class=\"elementor-widget-container\">\n\t\t\t\t\t\t\t\t\t<p>El equipo de\u00a0<strong>Crew School International LTD.<\/strong>, le quiere recordar que con el uso y navegaci\u00f3n de esta web usted ha adquirido la\u00a0<strong>condici\u00f3n de usuario<\/strong>\u00a0y por tanto, avisamos que si prosigue su navegaci\u00f3n por este sitio web sin haber configurado los navegadores para impedir la instalaci\u00f3n de las cookies,\u00a0<strong>estar\u00e1 prestando su consentimiento para el empleo de las cookies<\/strong>, en aplicaci\u00f3n de t\u00e9rminos incluidos en el art\u00edculo 22.2 de la Ley 34\/2002 de Servicios de la Sociedad de la Informaci\u00f3n y Comercio Electr\u00f3nico.<\/p><h2 id=\"que-son-las-cookies\" title=\"\u00bfQU\u00c9 SON LAS COOKIES?\">\u00bfQU\u00c9 SON LAS COOKIES?<\/h2><p>Una cookie es un archivo que se descarga en el ordenador o dispositivo del usuario al acceder a una p\u00e1gina web con el objeto de permitir almacenar y recuperar informaci\u00f3n sobre los h\u00e1bitos de navegaci\u00f3n del usuario o de su equipo.<\/p><p>Las cookies, no s\u00f3lo van en beneficio de las empresas, sino que tambi\u00e9n permiten establecer niveles de protecci\u00f3n y seguridad, recopilar datos estad\u00edsticos y normalmente an\u00f3nimos; as\u00ed como realizar publicidad adaptadas a los intereses de los usuarios.<\/p><h2 id=\"tipos-de-cookies\" title=\"TIPOS DE COOKIES\">TIPOS DE COOKIES<\/h2><p>Las cookies pueden clasificarse en atenci\u00f3n a distintos funcionamientos y par\u00e1metros, algunas de las clasificaciones m\u00e1s usuales son estas:<\/p><h3 id=\"cookies-exentas\" title=\"Cookies exentas\">Cookies exentas<\/h3><p>Son las cookies sobre las que legalmente\u00a0<strong>no es necesario informar u obtener el consentimiento para su uso<\/strong>. Se trata de cookies que permiten la comunicaci\u00f3n entre el equipo del usuario y la red, as\u00ed como las que estrictamente prestan un servicio expresamente solicitado por el usuario.<\/p><h3 id=\"en-atencion-a-su-finalidad\" title=\"En atenci\u00f3n a su finalidad:\">En atenci\u00f3n a su finalidad:<\/h3><ul><li><strong>Anal\u00edticas:<\/strong>\u00a0recogen informaci\u00f3n del uso que se realiza del sitio web.<\/li><li><strong>Sociales:<\/strong>\u00a0son aquellas necesarias para redes sociales externas.<\/li><li><strong>Afiliados:<\/strong>\u00a0permiten hacer un seguimiento de las visitas procedentes de otras webs con las que el sitio web establece un contrato de afiliaci\u00f3n.<\/li><li><strong>Publicidad y comportamentales:<\/strong>\u00a0recogen informaci\u00f3n sobre las preferencias y elecciones personales del usuario.<\/li><li><strong>T\u00e9cnicas y funcionales:<\/strong>\u00a0son las estrictamente necesarias para el uso del sitio web y para la prestaci\u00f3n del servicio contratado.<\/li><\/ul><h3 id=\"por-su-gestion\" title=\"Por su gesti\u00f3n:\">Por su gesti\u00f3n:<\/h3><ul><li><strong>Cookies propias:<\/strong>\u00a0Son aqu\u00e9llas que se env\u00edan al equipo terminal del usuario desde un equipo o dominio gestionado por el propio editor y desde el que se presta el servicio solicitado por el usuario.<\/li><li><strong>Cookies de tercero:<\/strong>\u00a0Son aqu\u00e9llas que se env\u00edan al equipo terminal del usuario desde un equipo o dominio que no es gestionado por el editor, sino por otra entidad que trata los datos obtenidos trav\u00e9s de las cookies.<\/li><\/ul><h3 id=\"que-cookies-utilizamos\" title=\"\u00bfQu\u00e9 cookies utilizamos?\">\u00bfQu\u00e9 cookies utilizamos?<\/h3><p>En\u00a0<strong>Crew School International (crewschoolinternational.com)<\/strong>\u00a0utilizamos \u00fanicamente cookies de an\u00e1lisis, t\u00e9cnicas y de personalizaci\u00f3n, que nos permiten la anal\u00edtica sistem\u00e1tica de nuestra web y flujos de entrada de manera an\u00f3nima, as\u00ed como la mejora de la experiencia del usuario en nuestra web. Usamos cookies propias y cookies de terceros.<\/p><p>Las cookies con las que cuenta\u00a0<strong>esta web<\/strong>\u00a0son las siguientes:<\/p><table border=\"1\" cellspacing=\"0\" cellpadding=\"10\"><thead><tr><td>Cookie<\/td><td>Receptor<\/td><td>Categor\u00eda<\/td><td>Finalidad<\/td><td>Informaci\u00f3n adicional<\/td><td>Duraci\u00f3n<\/td><\/tr><\/thead><tbody><tr><td>PHPSESSID<\/td><td>Crew School International<\/td><td>Necesarias<\/td><td>Conserva los estados de los usuarios en todas las peticiones de la p\u00e1gina<\/td><td>\u00a0<\/td><td>Sesi\u00f3n<\/td><\/tr><tr><td>pll_language<\/td><td>Crew School International<\/td><td>Necesarias<\/td><td>Utilizada para almacenar el idioma actual en el sitio web<\/td><td>\u00a0<\/td><td>1 a\u00f1o<\/td><\/tr><tr><td>wordpress_[hash]<\/td><td>Crew School International<\/td><td>Necesarias<\/td><td>Almacenar detalles de autentificaci\u00f3n<\/td><td>\u00a0<\/td><td>Persistente<\/td><\/tr><tr><td>wordpress_logged_in_[hash]<\/td><td>Crew School International<\/td><td>Necesarias<\/td><td>Indica cu\u00e1ndo has iniciado sesi\u00f3n y qui\u00e9n eres<\/td><td>\u00a0<\/td><td>Persistente<\/td><\/tr><tr><td>wp-settings-{time}-[UID]<\/td><td>Crew School International<\/td><td>Necesarias<\/td><td>Almacena configuraciones personales del dashboard y de la interfaz del admin<\/td><td>\u00a0<\/td><td>Persistente<\/td><\/tr><tr><td>woocommerce_cart_hash<\/td><td>Crew School International<\/td><td>Necesarias<\/td><td>Contiene informaci\u00f3n del carrito del usuario<\/td><td>\u00a0<\/td><td>Sesi\u00f3n<\/td><\/tr><tr><td>woocommerce_items_in_cart<\/td><td>Crew School International<\/td><td>Necesarias<\/td><td>Contiene informaci\u00f3n del carrito del usuario<\/td><td>\u00a0<\/td><td>Sesi\u00f3n<\/td><\/tr><tr><td>wp_woocommerce_session<\/td><td>Crew School International<\/td><td>Necesarias<\/td><td>Contiene un c\u00f3digo \u00fanico para cada cliente para gestionar los datos de compra<\/td><td>\u00a0<\/td><td>2 d\u00edas<\/td><\/tr><tr><td>comment_author_[hash]<\/td><td>Crew School International<\/td><td>Necesarias<\/td><td>Almacena el nombre del usuario que realiza el comentario.<\/td><td>\u00a0<\/td><td>1 a\u00f1o<\/td><\/tr><tr><td>comment_author_email_[hash]<\/td><td>Crew School International<\/td><td>Necesarias<\/td><td>Almacena el email del usuario que realiza el comentario.<\/td><td>\u00a0<\/td><td>1 a\u00f1o<\/td><\/tr><tr><td>comment_author_url_[hash]<\/td><td>Crew School International<\/td><td>Necesarias<\/td><td>Almacena la url del usuario que realiza el comentario.<\/td><td>\u00a0<\/td><td>1 a\u00f1o<\/td><\/tr><tr><td>cli_user_preference<\/td><td>Crew School International<\/td><td>Necesarias<\/td><td>Almacena el estado de consentimiento de cookies del usuario<\/td><td>\u00a0<\/td><td>1 a\u00f1o<\/td><\/tr><tr><td>CookieLawInfoConsent<\/td><td>Crew School International<\/td><td>Necesarias<\/td><td>Almacena el estado de consentimiento de cookies del usuario<\/td><td>\u00a0<\/td><td>1 a\u00f1o<\/td><\/tr><tr><td>cookielawinfo-checkbox-necesarias<\/td><td>Crew School International<\/td><td>Necesarias<\/td><td>Almacena el consentimiento del usuario para las cookies de la categor\u00eda necesarias<\/td><td>\u00a0<\/td><td>1 a\u00f1o<\/td><\/tr><tr><td>cookielawinfo-checkbox-analiticas<\/td><td>Crew School International<\/td><td>Necesarias<\/td><td>Almacena el consentimiento del usuario para las cookies de la categor\u00eda anal\u00edticas<\/td><td>\u00a0<\/td><td>1 a\u00f1o<\/td><\/tr><tr><td>cookielawinfo-checkbox-publicitarias<\/td><td>Crew School International<\/td><td>Necesarias<\/td><td>Almacena el consentimiento del usuario para las cookies de la categor\u00eda publicitarias<\/td><td>\u00a0<\/td><td>1 a\u00f1o<\/td><\/tr><tr><td>elementor<\/td><td>Crew School International<\/td><td>Necesarias<\/td><td>Permite al propietario del sitio web implementar o cambiar el contenido del sitio web en tiempo real<\/td><td>\u00a0<\/td><td>Persistente<\/td><\/tr><tr><td>1P_JAR<\/td><td>Google<\/td><td>Anal\u00edticas<\/td><td>An\u00e1lisis y mejora de publicidad<\/td><td><a title=\"Cookies Google\" href=\"https:\/\/developers.google.com\/analytics\/devguides\/collection\/analyticsjs\/cookie-usage\" target=\"_blank\" rel=\"noopener\">Google<\/a><\/td><td>Persistente<\/td><\/tr><tr><td>NID, IDE<\/td><td>Google<\/td><td>Anal\u00edticas<\/td><td>Permite visualizar mapas por medio de Google Maps. Registra ID<\/td><td><a title=\"Cookies Google\" href=\"https:\/\/developers.google.com\/analytics\/devguides\/collection\/analyticsjs\/cookie-usage\" target=\"_blank\" rel=\"noopener\">Google<\/a><\/td><td>6 meses<\/td><\/tr><tr><td>CONSENT<\/td><td>Google<\/td><td>Anal\u00edticas<\/td><td>Identificaci\u00f3n de usuarios<\/td><td><a title=\"Cookies Google\" href=\"https:\/\/developers.google.com\/analytics\/devguides\/collection\/analyticsjs\/cookie-usage\" target=\"_blank\" rel=\"noopener\">Google<\/a><\/td><td>Persistente<\/td><\/tr><tr><td>DV<\/td><td>Google<\/td><td>Anal\u00edticas<\/td><td>An\u00e1lisis y mejora de la publicidad<\/td><td><a title=\"Cookies Google\" href=\"https:\/\/developers.google.com\/analytics\/devguides\/collection\/analyticsjs\/cookie-usage\" target=\"_blank\" rel=\"noopener\">Google<\/a><\/td><td>Persistente<\/td><\/tr><tr><td>_Secure-3PAPIDSIDE, _Secure-3PSIDE, _Secure-3APISIDI, _Secure-HSID, _Secure-SSIDI<\/td><td>Google<\/td><td>Publicitarias<\/td><td>Adaptaci\u00f3n de los anuncios para relevancia e inter\u00e9s<\/td><td><a title=\"Cookies Google\" href=\"https:\/\/developers.google.com\/analytics\/devguides\/collection\/analyticsjs\/cookie-usage\" target=\"_blank\" rel=\"noopener\">Google<\/a><\/td><td>2 a\u00f1os<\/td><\/tr><tr><td>SIDCC<\/td><td>Google<\/td><td>Anal\u00edticas<\/td><td>Provee servicios y extrae informaci\u00f3n an\u00f3nima sobre la navegaci\u00f3n<\/td><td><a title=\"Cookies Google\" href=\"https:\/\/developers.google.com\/analytics\/devguides\/collection\/analyticsjs\/cookie-usage\" target=\"_blank\" rel=\"noopener\">Google<\/a><\/td><td>3 meses<\/td><\/tr><tr><td>SSID<\/td><td>Google<\/td><td>Publicitarias<\/td><td>Mide el rendimiento de los anuncios y proporciona recomendaciones<\/td><td><a title=\"Cookies Google\" href=\"https:\/\/developers.google.com\/analytics\/devguides\/collection\/analyticsjs\/cookie-usage\" target=\"_blank\" rel=\"noopener\">Google<\/a><\/td><td>3 meses<\/td><\/tr><tr><td>SID<\/td><td>Google<\/td><td>Anal\u00edticas<\/td><td>Recoge informaci\u00f3n para el buscador de google<\/td><td><a title=\"Cookies Google\" href=\"https:\/\/developers.google.com\/analytics\/devguides\/collection\/analyticsjs\/cookie-usage\" target=\"_blank\" rel=\"noopener\">Google<\/a><\/td><td>Sesi\u00f3n<\/td><\/tr><tr><td>HSID<\/td><td>Google<\/td><td>Publicitarias<\/td><td>Mide el rendimiento de los anuncios y proporciona recomendaciones<\/td><td><a title=\"Cookies Google\" href=\"https:\/\/developers.google.com\/analytics\/devguides\/collection\/analyticsjs\/cookie-usage\" target=\"_blank\" rel=\"noopener\">Google<\/a><\/td><td>Persistente<\/td><\/tr><tr><td>ANID<\/td><td>Google<\/td><td>Publicitarias<\/td><td>Mide el rendimiento de los anuncios y proporciona recomendaciones<\/td><td><a title=\"Cookies Google\" href=\"https:\/\/developers.google.com\/analytics\/devguides\/collection\/analyticsjs\/cookie-usage\" target=\"_blank\" rel=\"noopener\">Google<\/a><\/td><td>Persistente<\/td><\/tr><tr><td>SAPISID, APISID<\/td><td>Google<\/td><td>Publicitarias<\/td><td>Mide el rendimiento de los anuncios y proporciona recomendaciones<\/td><td><a title=\"Cookies Google\" href=\"https:\/\/developers.google.com\/analytics\/devguides\/collection\/analyticsjs\/cookie-usage\" target=\"_blank\" rel=\"noopener\">Google<\/a><\/td><td>Persistente<\/td><\/tr><tr><td>SEARCH_SAMESITE<\/td><td>Google<\/td><td>Anal\u00edticas<\/td><td>Correcto env\u00edo de datos<\/td><td><a title=\"Cookies Google\" href=\"https:\/\/developers.google.com\/analytics\/devguides\/collection\/analyticsjs\/cookie-usage\" target=\"_blank\" rel=\"noopener\">Google<\/a><\/td><td>6 meses<\/td><\/tr><tr><td>OGP, OGPC<\/td><td>Google<\/td><td>Actuaciones<\/td><td>Sirve para almacenar las preferencias y la informaci\u00f3n del usuario cuando visualiza p\u00e1ginas con mapas de Google<\/td><td><a title=\"Cookies Google\" href=\"https:\/\/developers.google.com\/analytics\/devguides\/collection\/analyticsjs\/cookie-usage\" target=\"_blank\" rel=\"noopener\">Google<\/a><\/td><td>1 d\u00eda<\/td><\/tr><tr><td>OTZ<\/td><td>Google<\/td><td>Publicitarias<\/td><td>Utilizada para personalizar los anuncio que se muestran en los servicios de Google<\/td><td><a title=\"Cookies Google\" href=\"https:\/\/developers.google.com\/analytics\/devguides\/collection\/analyticsjs\/cookie-usage\" target=\"_blank\" rel=\"noopener\">Google<\/a><\/td><td>1 mes<\/td><\/tr><tr><td>UULE<\/td><td>Google<\/td><td>Actuaciones<\/td><td>Habilita el geolocalizados de Google Map<\/td><td><a title=\"Cookies Google\" href=\"https:\/\/developers.google.com\/analytics\/devguides\/collection\/analyticsjs\/cookie-usage\" target=\"_blank\" rel=\"noopener\">Google<\/a><\/td><td>1 d\u00eda<\/td><\/tr><tr><td>_fbc, _fbp<\/td><td>Facebook<\/td><td>Publicitarias<\/td><td>An\u00e1lisis y mejora de la publicidad en Facebook<\/td><td><a title=\"Cookies Facebook\" href=\"https:\/\/es-es.facebook.com\/policies\/cookies\/\" target=\"_blank\" rel=\"noopener\">Facebook<\/a><\/td><td>12 meses<\/td><\/tr><\/tbody><\/table><h3 id=\"cookies-de-analisis\" title=\"Cookies de An\u00e1lisis:\">Cookies de An\u00e1lisis:<\/h3><p>La mayor\u00eda de las cookies de an\u00e1lisis son propiedad de Google Analytics y Google Adwords, nos permiten analizar y adaptar la web a los comportamientos derivados del tr\u00e1fico, con datos estad\u00edsticos absolutamente abstractos para\u00a0<strong>Crew School International<\/strong>.<\/p><p>Si desean m\u00e1s informaci\u00f3n sobre la pol\u00edtica de cookies, pueden hacerlo en el siguiente enlace: https:\/\/policies.google.com\/privacy?hl=en.<\/p><h2 id=\"desactivacion-de-cookies\" title=\"DESACTIVACI\u00d3N DE COOKIES\">DESACTIVACI\u00d3N DE COOKIES<\/h2><p>Las cookies pueden ser deshabilitadas, borradas y desactivadas, seg\u00fan el navegador utilizados, a continuaci\u00f3n, pueden consultar las instrucciones para los principales navegadores.<\/p><ul><li><a title=\"Borrar, habilitar y administrar cookies en Chrome\" href=\"https:\/\/support.google.com\/chrome\/answer\/95647?hl=es\" target=\"_blank\" rel=\"noopener\">Google Chrome<\/a><\/li><li><a title=\"Habilitar y deshabilitar cookies que los sitios web utilizan para rastrear tus preferencias\" href=\"https:\/\/support.mozilla.org\/es\/kb\/habilitar-y-deshabilitar-cookies-sitios-web-rastrear-preferencias?redirectlocale=es&amp;redirectslug=habilitar-y-deshabilitar-cookies-que-los-sitios-we\" target=\"_blank\" rel=\"noopener\">Mozilla Firefox<\/a><\/li><li><a title=\"Eliminar y administrar cookies\" href=\"https:\/\/support.microsoft.com\/es-es\/help\/17442\/windows-internet-explorer-delete-manage-cookies#ie=ie-11\" target=\"_blank\" rel=\"noopener\">Microsoft Internet Explorer<\/a><\/li><li><a title=\"Borrar el historial y las cookies de Safari en el iPhone, iPad o iPod touch\" href=\"https:\/\/support.apple.com\/es-es\/HT201265\" target=\"_blank\" rel=\"noopener\">Apple Safari en el iPhone, iPad o iPod Touch<\/a><\/li><li><a title=\"Borrar el historial y las cookies en Opera\" href=\"https:\/\/help.opera.com\/es\/Windows\/11.50\/es-ES\/cookies.html\" target=\"_blank\" rel=\"noopener\">Opera<\/a><\/li><li><a title=\"Gestionar cookies y datos de sitios web en Safari en el Mac\" href=\"https:\/\/support.apple.com\/es-es\/guide\/safari\/sfri11471\/mac\" target=\"_blank\" rel=\"noopener\">Safari para MAC<\/a><\/li><li><a title=\"Gestionar cookies y datos de sitios web en Safari en el Mac\" href=\"https:\/\/support.microsoft.com\/es-es\/help\/4468242\/microsoft-edge-browsing-data-and-privacy-microsoft-privacy\" target=\"_blank\" rel=\"noopener\">Microsoft Edge (Windows 10)<\/a><\/li><\/ul><p>Tambi\u00e9n, existe la posibilidad de desactivar las cookies de Google Analytics, instalando el complemento siguiente: https:\/\/tools.google.com\/dlpage\/gaoptout\/?hl=es<\/p><h2 id=\"exenciones-de-responsabilidad\" title=\"EXENCIONES DE RESPONSABILIDAD\">EXENCIONES DE RESPONSABILIDAD<\/h2><p>En\u00a0<strong>Crew School International<\/strong>\u00a0no nos podemos y no nos hacemos responsables del contenido, ni de la veracidad, ni de la actualizaci\u00f3n de las pol\u00edticas de privacidad que puedan tener los terceros mencionados en esta pol\u00edtica de cookies.<\/p><p>Son los navegadores web los encargados de almacenar las cookies y, es desde estos sitios desde donde debe efectuar su derecho a eliminaci\u00f3n o desactivaci\u00f3n de las mismas, por tanto, no podemos garantizar el correcto comportamiento.<\/p><h2 id=\"derecho-a-modificar-la-politica-de-cookies\" title=\"DERECHO A MODIFICAR LA POL\u00cdTICA DE COOKIES\">DERECHO A MODIFICAR LA POL\u00cdTICA DE COOKIES<\/h2><p><strong>Crew School International<\/strong>\u00a0se guarda todos los derechos a modificar su pol\u00edtica de privacidad sin el previo aviso de la misma.<\/p>\t\t\t\t\t\t\t\t<\/div>\n\t\t\t\t<\/div>\n\t\t\t\t\t<\/div>\n\t\t\t\t<\/div>\n\t\t\t\t<\/div>\n\t\t","protected":false},"excerpt":{"rendered":"<p>Pol\u00edtica de cookies El equipo de\u00a0Crew School International LTD., le quiere recordar que con el uso y navegaci\u00f3n de esta web usted ha adquirido la\u00a0condici\u00f3n de usuario\u00a0y por tanto, avisamos que si prosigue su navegaci\u00f3n por este sitio web sin haber configurado los navegadores para impedir la instalaci\u00f3n de las cookies,\u00a0estar\u00e1 prestando su consentimiento para [&hellip;]<\/p>\n","protected":false},"author":3,"featured_media":0,"parent":0,"menu_order":0,"comment_status":"closed","ping_status":"closed","template":"","meta":{"footnotes":""},"class_list":["post-3100","page","type-page","status-publish","hentry"],"_links":{"self":[{"href":"https:\/\/crewschoolinternational.com\/es\/wp-json\/wp\/v2\/pages\/3100","targetHints":{"allow":["GET"]}}],"collection":[{"href":"https:\/\/crewschoolinternational.com\/es\/wp-json\/wp\/v2\/pages"}],"about":[{"href":"https:\/\/crewschoolinternational.com\/es\/wp-json\/wp\/v2\/types\/page"}],"author":[{"embeddable":true,"href":"https:\/\/crewschoolinternational.com\/es\/wp-json\/wp\/v2\/users\/3"}],"replies":[{"embeddable":true,"href":"https:\/\/crewschoolinternational.com\/es\/wp-json\/wp\/v2\/comments?post=3100"}],"version-history":[{"count":4,"href":"https:\/\/crewschoolinternational.com\/es\/wp-json\/wp\/v2\/pages\/3100\/revisions"}],"predecessor-version":[{"id":3111,"href":"https:\/\/crewschoolinternational.com\/es\/wp-json\/wp\/v2\/pages\/3100\/revisions\/3111"}],"wp:attachment":[{"href":"https:\/\/crewschoolinternational.com\/es\/wp-json\/wp\/v2\/media?parent=3100"}],"curies":[{"name":"wp","href":"https:\/\/api.w.org\/{rel}","templated":true}]}}