{"id":3456,"date":"2026-02-09T17:38:28","date_gmt":"2026-02-09T16:38:28","guid":{"rendered":"https:\/\/crewschoolinternational.com\/?page_id=3456"},"modified":"2026-02-09T17:56:35","modified_gmt":"2026-02-09T16:56:35","slug":"abre-centro-crew","status":"publish","type":"page","link":"https:\/\/crewschoolinternational.com\/es\/abre-centro-crew\/","title":{"rendered":"Abre tu Centro CREW"},"content":{"rendered":"\t\t<div data-elementor-type=\"wp-page\" data-elementor-id=\"3456\" class=\"elementor elementor-3456 elementor-3455\" data-elementor-post-type=\"page\">\n\t\t\t\t<header class=\"elementor-element elementor-element-7ac3484 e-flex e-con-boxed e-con e-parent\" data-id=\"7ac3484\" data-element_type=\"container\" data-e-type=\"container\" data-settings=\"{&quot;background_background&quot;:&quot;classic&quot;}\">\n\t\t\t\t\t<div class=\"e-con-inner\">\n\t\t\t\t<div class=\"elementor-element elementor-element-1749119 elementor-widget-mobile__width-inherit elementor-widget__width-initial elementor-widget elementor-widget-heading\" data-id=\"1749119\" data-element_type=\"widget\" data-e-type=\"widget\" data-widget_type=\"heading.default\">\n\t\t\t\t<div class=\"elementor-widget-container\">\n\t\t\t\t\t<h1 class=\"elementor-heading-title elementor-size-default\" id=\"abre-tu-centro-crew\" title=\"Abre tu Centro Crew\">Abre tu Centro Crew<\/h1>\t\t\t\t<\/div>\n\t\t\t\t<\/div>\n\t\t\t\t\t<\/div>\n\t\t\t\t<\/header>\n\t\t<main class=\"elementor-element elementor-element-b17bb1d e-flex e-con-boxed e-con e-parent\" data-id=\"b17bb1d\" data-element_type=\"container\" data-e-type=\"container\" data-settings=\"{&quot;background_background&quot;:&quot;classic&quot;}\">\n\t\t\t\t\t<div class=\"e-con-inner\">\n\t\t<div class=\"elementor-element elementor-element-1130b25 e-con-full e-flex e-con e-child\" data-id=\"1130b25\" data-element_type=\"container\" data-e-type=\"container\">\n\t\t\t\t<div class=\"elementor-element elementor-element-e32b84f elementor-widget elementor-widget-heading\" data-id=\"e32b84f\" data-element_type=\"widget\" data-e-type=\"widget\" data-widget_type=\"heading.default\">\n\t\t\t\t<div class=\"elementor-widget-container\">\n\t\t\t\t\t<h2 class=\"elementor-heading-title elementor-size-default\" id=\"quieres-formar-parte-de-una-red-internacional-de-formacion-en-aviacion-y-llevar-la-excelencia-de-crew-a-tu-ciudad\" title=\"\u00bfQuieres formar parte de una red internacional de formaci\u00f3n en aviaci\u00f3n y llevar la excelencia de CREW a tu ciudad?\">\u00bfQuieres formar parte de una red internacional de formaci\u00f3n en aviaci\u00f3n y llevar la excelencia de CREW a tu ciudad?<\/h2>\t\t\t\t<\/div>\n\t\t\t\t<\/div>\n\t\t\t\t<div class=\"elementor-element elementor-element-b51dfbc elementor-widget elementor-widget-text-editor\" data-id=\"b51dfbc\" data-element_type=\"widget\" data-e-type=\"widget\" data-widget_type=\"text-editor.default\">\n\t\t\t\t<div class=\"elementor-widget-container\">\n\t\t\t\t\t\t\t\t\t<p>Convi\u00e9rtete en franquiciado CREW y \u00fanete a una marca reconocida por su profesionalidad, calidad educativa y empleabilidad de sus alumnos.<\/p>\t\t\t\t\t\t\t\t<\/div>\n\t\t\t\t<\/div>\n\t\t\t\t<\/div>\n\t\t<div class=\"elementor-element elementor-element-40f8a9a e-con-full e-flex e-con e-child\" data-id=\"40f8a9a\" data-element_type=\"container\" data-e-type=\"container\">\n\t\t\t\t<div class=\"elementor-element elementor-element-4a90aef elementor-widget elementor-widget-heading\" data-id=\"4a90aef\" data-element_type=\"widget\" data-e-type=\"widget\" data-widget_type=\"heading.default\">\n\t\t\t\t<div class=\"elementor-widget-container\">\n\t\t\t\t\t<h3 class=\"elementor-heading-title elementor-size-default\" id=\"beneficios-de-abrir-tu-centro-crew\" title=\"Beneficios de abrir tu centro CREW\">Beneficios de abrir tu centro CREW<\/h3>\t\t\t\t<\/div>\n\t\t\t\t<\/div>\n\t\t\t\t<div class=\"elementor-element elementor-element-baaf16d elementor-list-item-link-inline elementor-mobile-align-center elementor-icon-list--layout-traditional elementor-widget elementor-widget-icon-list\" data-id=\"baaf16d\" data-element_type=\"widget\" data-e-type=\"widget\" data-widget_type=\"icon-list.default\">\n\t\t\t\t<div class=\"elementor-widget-container\">\n\t\t\t\t\t\t\t<ul class=\"elementor-icon-list-items\">\n\t\t\t\t\t\t\t<li class=\"elementor-icon-list-item\">\n\t\t\t\t\t\t\t\t\t\t\t<span class=\"elementor-icon-list-icon\">\n\t\t\t\t\t\t\t<i aria-hidden=\"true\" class=\"fas fa-chevron-right\"><\/i>\t\t\t\t\t\t<\/span>\n\t\t\t\t\t\t\t\t\t\t<span class=\"elementor-icon-list-text\">Integraci\u00f3n en una marca internacional reconocida en formaci\u00f3n de tripulantes de cabina.<\/span>\n\t\t\t\t\t\t\t\t\t<\/li>\n\t\t\t\t\t\t\t\t<li class=\"elementor-icon-list-item\">\n\t\t\t\t\t\t\t\t\t\t\t<span class=\"elementor-icon-list-icon\">\n\t\t\t\t\t\t\t<i aria-hidden=\"true\" class=\"fas fa-chevron-right\"><\/i>\t\t\t\t\t\t<\/span>\n\t\t\t\t\t\t\t\t\t\t<span class=\"elementor-icon-list-text\">Acceso a programas de formaci\u00f3n certificados y materiales exclusivos.<\/span>\n\t\t\t\t\t\t\t\t\t<\/li>\n\t\t\t\t\t\t\t\t<li class=\"elementor-icon-list-item\">\n\t\t\t\t\t\t\t\t\t\t\t<span class=\"elementor-icon-list-icon\">\n\t\t\t\t\t\t\t<i aria-hidden=\"true\" class=\"fas fa-chevron-right\"><\/i>\t\t\t\t\t\t<\/span>\n\t\t\t\t\t\t\t\t\t\t<span class=\"elementor-icon-list-text\">Soporte continuo en marketing, operaciones y calidad educativa.<\/span>\n\t\t\t\t\t\t\t\t\t<\/li>\n\t\t\t\t\t\t\t\t<li class=\"elementor-icon-list-item\">\n\t\t\t\t\t\t\t\t\t\t\t<span class=\"elementor-icon-list-icon\">\n\t\t\t\t\t\t\t<i aria-hidden=\"true\" class=\"fas fa-chevron-right\"><\/i>\t\t\t\t\t\t<\/span>\n\t\t\t\t\t\t\t\t\t\t<span class=\"elementor-icon-list-text\">Oportunidad de ofrecer cursos TCP y otros programas CREW en tu localidad.<\/span>\n\t\t\t\t\t\t\t\t\t<\/li>\n\t\t\t\t\t\t\t\t<li class=\"elementor-icon-list-item\">\n\t\t\t\t\t\t\t\t\t\t\t<span class=\"elementor-icon-list-icon\">\n\t\t\t\t\t\t\t<i aria-hidden=\"true\" class=\"fas fa-chevron-right\"><\/i>\t\t\t\t\t\t<\/span>\n\t\t\t\t\t\t\t\t\t\t<span class=\"elementor-icon-list-text\">Formaci\u00f3n de instructores y personal seg\u00fan los est\u00e1ndares internacionales de la marca.<\/span>\n\t\t\t\t\t\t\t\t\t<\/li>\n\t\t\t\t\t\t<\/ul>\n\t\t\t\t\t\t<\/div>\n\t\t\t\t<\/div>\n\t\t\t\t<\/div>\n\t\t\t\t\t<\/div>\n\t\t\t\t<\/main>\n\t\t<section class=\"elementor-element elementor-element-5b80f38 e-flex e-con-boxed e-con e-parent\" data-id=\"5b80f38\" data-element_type=\"container\" data-e-type=\"container\" data-settings=\"{&quot;background_background&quot;:&quot;classic&quot;}\">\n\t\t\t\t\t<div class=\"e-con-inner\">\n\t\t<div class=\"elementor-element elementor-element-c1589cb e-flex e-con-boxed e-con e-child\" data-id=\"c1589cb\" data-element_type=\"container\" data-e-type=\"container\">\n\t\t\t\t\t<div class=\"e-con-inner\">\n\t\t\t\t<div class=\"elementor-element elementor-element-19ee2b9 elementor-widget__width-initial elementor-widget elementor-widget-text-editor\" data-id=\"19ee2b9\" data-element_type=\"widget\" data-e-type=\"widget\" data-widget_type=\"text-editor.default\">\n\t\t\t\t<div class=\"elementor-widget-container\">\n\t\t\t\t\t\t\t\t\t<p>Da el paso hacia tu propio centro CREW y participa en la expansi\u00f3n global de la excelencia en la formaci\u00f3n de tripulantes de cabina de pasajeros<\/p>\t\t\t\t\t\t\t\t<\/div>\n\t\t\t\t<\/div>\n\t\t\t\t<div class=\"jet-popup-target elementor-element elementor-element-7117992 elementor-align-left elementor-mobile-align-center elementor-widget elementor-widget-button\" data-jet-popup=\"{&quot;attached-popup&quot;:&quot;jet-popup-&quot;,&quot;trigger-type&quot;:&quot;none&quot;,&quot;trigger-custom-selector&quot;:&quot;&quot;,&quot;loop-dynamic-popup&quot;:false}\" data-id=\"7117992\" data-element_type=\"widget\" data-e-type=\"widget\" data-widget_type=\"button.default\">\n\t\t\t\t<div class=\"elementor-widget-container\">\n\t\t\t\t\t\t\t\t\t<div class=\"elementor-button-wrapper\">\n\t\t\t\t\t<a class=\"elementor-button elementor-button-link elementor-size-lg elementor-animation-grow\" href=\"#contacto\">\n\t\t\t\t\t\t<span class=\"elementor-button-content-wrapper\">\n\t\t\t\t\t\t\t\t\t<span class=\"elementor-button-text\">Solicita informaci\u00f3n<\/span>\n\t\t\t\t\t<\/span>\n\t\t\t\t\t<\/a>\n\t\t\t\t<\/div>\n\t\t\t\t\t\t\t\t<\/div>\n\t\t\t\t<\/div>\n\t\t\t\t\t<\/div>\n\t\t\t\t<\/div>\n\t\t\t\t\t<\/div>\n\t\t\t\t<\/section>\n\t\t<main class=\"elementor-element elementor-element-a890736 e-flex e-con-boxed e-con e-parent\" data-id=\"a890736\" data-element_type=\"container\" data-e-type=\"container\" id=\"contacto\" data-settings=\"{&quot;background_background&quot;:&quot;classic&quot;}\">\n\t\t\t\t\t<div class=\"e-con-inner\">\n\t\t<div class=\"elementor-element elementor-element-8b10282 e-con-full e-flex e-con e-child\" data-id=\"8b10282\" data-element_type=\"container\" data-e-type=\"container\">\n\t\t\t\t<div class=\"elementor-element elementor-element-bbdc95d elementor-widget__width-inherit elementor-widget elementor-widget-heading\" data-id=\"bbdc95d\" data-element_type=\"widget\" data-e-type=\"widget\" data-widget_type=\"heading.default\">\n\t\t\t\t<div class=\"elementor-widget-container\">\n\t\t\t\t\t<h2 class=\"elementor-heading-title elementor-size-default\" id=\"enroll-today\" title=\"Enroll Today\">Enroll Today<\/h2>\t\t\t\t<\/div>\n\t\t\t\t<\/div>\n\t\t\t\t<div class=\"elementor-element elementor-element-4b7284c elementor-widget elementor-widget-text-editor\" data-id=\"4b7284c\" data-element_type=\"widget\" data-e-type=\"widget\" data-widget_type=\"text-editor.default\">\n\t\t\t\t<div class=\"elementor-widget-container\">\n\t\t\t\t\t\t\t\t\t<p>Start your professional career as a Cabin Crew Member:<\/p>\t\t\t\t\t\t\t\t<\/div>\n\t\t\t\t<\/div>\n\t\t\t\t<div class=\"elementor-element elementor-element-6abf084 elementor-list-item-link-inline elementor-mobile-align-center elementor-icon-list--layout-traditional elementor-widget elementor-widget-icon-list\" data-id=\"6abf084\" data-element_type=\"widget\" data-e-type=\"widget\" data-widget_type=\"icon-list.default\">\n\t\t\t\t<div class=\"elementor-widget-container\">\n\t\t\t\t\t\t\t<ul class=\"elementor-icon-list-items\">\n\t\t\t\t\t\t\t<li class=\"elementor-icon-list-item\">\n\t\t\t\t\t\t\t\t\t\t\t<a href=\"https:\/\/www.google.com\/maps\/dir\/\/C.+de+la+Ribera+del+Loira,+16,+Barajas,+28042+Madrid\/@40.465885,-3.6267693,16z\/data=!4m18!1m8!3m7!1s0xd422ef9d4eed905:0x7419f3329ca2e63d!2sC.+de+la+Ribera+del+Loira,+16,+Barajas,+28042+Madrid!3b1!8m2!3d40.4658809!4d-3.6241944!16s%2Fg%2F11c5byhlgw!4m8!1m0!1m5!1m1!1s0xd422ef9d4eed905:0x7419f3329ca2e63d!2m2!1d-3.6241944!2d40.4658809!3e0?entry=ttu&#038;g_ep=EgoyMDI2MDExMy4wIKXMDSoKLDEwMDc5MjA2OUgBUAM%3D\" target=\"_blank\" rel=\"noopener\">\n\n\t\t\t\t\t\t\t\t\t\t\t\t<span class=\"elementor-icon-list-icon\">\n\t\t\t\t\t\t\t<i aria-hidden=\"true\" class=\"fas fa-map-marker-alt\"><\/i>\t\t\t\t\t\t<\/span>\n\t\t\t\t\t\t\t\t\t\t<span class=\"elementor-icon-list-text\">C\/ Ribera del Loira, 16, Madrid<\/span>\n\t\t\t\t\t\t\t\t\t\t\t<\/a>\n\t\t\t\t\t\t\t\t\t<\/li>\n\t\t\t\t\t\t\t\t<li class=\"elementor-icon-list-item\">\n\t\t\t\t\t\t\t\t\t\t\t<a href=\"tel:+34638950621\">\n\n\t\t\t\t\t\t\t\t\t\t\t\t<span class=\"elementor-icon-list-icon\">\n\t\t\t\t\t\t\t<i aria-hidden=\"true\" class=\"fas fa-mobile-alt\"><\/i>\t\t\t\t\t\t<\/span>\n\t\t\t\t\t\t\t\t\t\t<span class=\"elementor-icon-list-text\">+34 638 950 621<\/span>\n\t\t\t\t\t\t\t\t\t\t\t<\/a>\n\t\t\t\t\t\t\t\t\t<\/li>\n\t\t\t\t\t\t<\/ul>\n\t\t\t\t\t\t<\/div>\n\t\t\t\t<\/div>\n\t\t\t\t<div class=\"elementor-element elementor-element-f14bd8a elementor-list-item-link-inline elementor-mobile-align-center elementor-icon-list--layout-traditional elementor-widget elementor-widget-icon-list\" data-id=\"f14bd8a\" data-element_type=\"widget\" data-e-type=\"widget\" data-widget_type=\"icon-list.default\">\n\t\t\t\t<div class=\"elementor-widget-container\">\n\t\t\t\t\t\t\t<ul class=\"elementor-icon-list-items\">\n\t\t\t\t\t\t\t<li class=\"elementor-icon-list-item\">\n\t\t\t\t\t\t\t\t\t\t\t<a href=\"mailto:contact@crewschoolinternational.com\">\n\n\t\t\t\t\t\t\t\t\t\t\t\t<span class=\"elementor-icon-list-icon\">\n\t\t\t\t\t\t\t<i aria-hidden=\"true\" class=\"far fa-envelope\"><\/i>\t\t\t\t\t\t<\/span>\n\t\t\t\t\t\t\t\t\t\t<span class=\"elementor-icon-list-text\">contact@crewschoolinternational.com<\/span>\n\t\t\t\t\t\t\t\t\t\t\t<\/a>\n\t\t\t\t\t\t\t\t\t<\/li>\n\t\t\t\t\t\t\t\t<li class=\"elementor-icon-list-item\">\n\t\t\t\t\t\t\t\t\t\t\t<a href=\"mailto:info@crewschoolmadrid.com\">\n\n\t\t\t\t\t\t\t\t\t\t\t\t<span class=\"elementor-icon-list-icon\">\n\t\t\t\t\t\t\t<i aria-hidden=\"true\" class=\"far fa-envelope\"><\/i>\t\t\t\t\t\t<\/span>\n\t\t\t\t\t\t\t\t\t\t<span class=\"elementor-icon-list-text\">info@crewschoolmadrid.com<\/span>\n\t\t\t\t\t\t\t\t\t\t\t<\/a>\n\t\t\t\t\t\t\t\t\t<\/li>\n\t\t\t\t\t\t<\/ul>\n\t\t\t\t\t\t<\/div>\n\t\t\t\t<\/div>\n\t\t\t\t<div class=\"elementor-element elementor-element-270b004 e-grid-align-left e-grid-align-mobile-center elementor-widget-mobile__width-initial elementor-shape-rounded elementor-grid-0 elementor-widget elementor-widget-social-icons\" data-id=\"270b004\" data-element_type=\"widget\" data-e-type=\"widget\" data-widget_type=\"social-icons.default\">\n\t\t\t\t<div class=\"elementor-widget-container\">\n\t\t\t\t\t\t\t<div class=\"elementor-social-icons-wrapper elementor-grid\" role=\"list\">\n\t\t\t\t\t\t\t<span class=\"elementor-grid-item\" role=\"listitem\">\n\t\t\t\t\t<a class=\"elementor-icon elementor-social-icon elementor-social-icon-instagram elementor-repeater-item-a5b9fb7\" href=\"https:\/\/www.flaticon.es\/icono-gratis\/gorjeo_11823292?related_id=11823292\" target=\"_blank\" rel=\"noopener\">\n\t\t\t\t\t\t<span class=\"elementor-screen-only\">Instagram<\/span>\n\t\t\t\t\t\t<i aria-hidden=\"true\" class=\"fab fa-instagram\"><\/i>\t\t\t\t\t<\/a>\n\t\t\t\t<\/span>\n\t\t\t\t\t\t\t<span class=\"elementor-grid-item\" role=\"listitem\">\n\t\t\t\t\t<a class=\"elementor-icon elementor-social-icon elementor-social-icon-linkedin-in elementor-repeater-item-a611a59\" href=\"https:\/\/es.linkedin.com\/company\/crew-school\" target=\"_blank\" rel=\"noopener\">\n\t\t\t\t\t\t<span class=\"elementor-screen-only\">Linkedin-in<\/span>\n\t\t\t\t\t\t<i aria-hidden=\"true\" class=\"fab fa-linkedin-in\"><\/i>\t\t\t\t\t<\/a>\n\t\t\t\t<\/span>\n\t\t\t\t\t<\/div>\n\t\t\t\t\t\t<\/div>\n\t\t\t\t<\/div>\n\t\t\t\t<div class=\"elementor-element elementor-element-52907c4 elementor-widget elementor-widget-text-editor\" data-id=\"52907c4\" data-element_type=\"widget\" data-e-type=\"widget\" data-widget_type=\"text-editor.default\">\n\t\t\t\t<div class=\"elementor-widget-container\">\n\t\t\t\t\t\t\t\t\t<p>Join Crew School Spain and benefit from AESA-accredited, fully in-person training in Spanish, designed to prepare you for the official Cabin Crew Attestation exam and launch your international aviation career.<\/p>\t\t\t\t\t\t\t\t<\/div>\n\t\t\t\t<\/div>\n\t\t\t\t<\/div>\n\t\t<div class=\"elementor-element elementor-element-8fcf44c e-con-full e-flex e-con e-child\" data-id=\"8fcf44c\" data-element_type=\"container\" data-e-type=\"container\" data-settings=\"{&quot;background_background&quot;:&quot;classic&quot;}\">\n\t\t\t\t<div class=\"elementor-element elementor-element-b9fb070 elementor-widget__width-inherit elementor-widget elementor-widget-heading\" data-id=\"b9fb070\" data-element_type=\"widget\" data-e-type=\"widget\" data-widget_type=\"heading.default\">\n\t\t\t\t<div class=\"elementor-widget-container\">\n\t\t\t\t\t<span class=\"elementor-heading-title elementor-size-default\">Get in touch<\/span>\t\t\t\t<\/div>\n\t\t\t\t<\/div>\n\t\t\t\t<div class=\"elementor-element elementor-element-d06d2bd elementor-widget elementor-widget-html\" data-id=\"d06d2bd\" data-element_type=\"widget\" data-e-type=\"widget\" data-widget_type=\"html.default\">\n\t\t\t\t<div class=\"elementor-widget-container\">\n\t\t\t\t\t<div id=\"zf_div_VaUB7YiyB2mtEqTBV44anSGWGyNRW6CPHwazIDx0kbA\"><\/div><script type=\"text\/javascript\">(function() {\r\ntry{\r\nvar f = document.createElement(\"iframe\");\r\nf.src = 'https:\/\/forms.zohopublic.com\/crewschool\/form\/Webform\/formperma\/VaUB7YiyB2mtEqTBV44anSGWGyNRW6CPHwazIDx0kbA?zf_rszfm=1';\r\nf.style.border=\"none\";\r\nf.style.height=\"614px\";\r\nf.style.width=\"100%\";\r\nf.style.transition=\"all 0.5s ease\";\r\nf.setAttribute(\"aria-label\", 'Webform');\r\n\r\nvar d = document.getElementById(\"zf_div_VaUB7YiyB2mtEqTBV44anSGWGyNRW6CPHwazIDx0kbA\");\r\nd.appendChild(f);\r\nwindow.addEventListener('message', function (){\r\nvar evntData = event.data;\r\nif( evntData && evntData.constructor == String ){\r\nvar zf_ifrm_data = evntData.split(\"|\");\r\nif ( zf_ifrm_data.length == 2 || zf_ifrm_data.length == 3 ) {\r\nvar zf_perma = zf_ifrm_data[0];\r\nvar zf_ifrm_ht_nw = ( parseInt(zf_ifrm_data[1], 10) + 15 ) + \"px\";\r\nvar iframe = document.getElementById(\"zf_div_VaUB7YiyB2mtEqTBV44anSGWGyNRW6CPHwazIDx0kbA\").getElementsByTagName(\"iframe\")[0];\r\nif ( (iframe.src).indexOf('formperma') > 0 && (iframe.src).indexOf(zf_perma) > 0 ) {\r\nvar prevIframeHeight = iframe.style.height;\r\nvar zf_tout = false;\r\nif( zf_ifrm_data.length == 3 ) {\r\niframe.scrollIntoView();\r\nzf_tout = true;\r\n}\r\nif ( prevIframeHeight != zf_ifrm_ht_nw ) {\r\nif( zf_tout ) {\r\nsetTimeout(function(){\r\niframe.style.height = zf_ifrm_ht_nw;\r\n},500);\r\n} else {\r\niframe.style.height = zf_ifrm_ht_nw;\r\n}\r\n}\r\n}\r\n}\r\n}\r\n}, false);\r\n}catch(e){}\r\n})();<\/script>\t\t\t\t<\/div>\n\t\t\t\t<\/div>\n\t\t\t\t<\/div>\n\t\t\t\t\t<\/div>\n\t\t\t\t<\/main>\n\t\t\t\t<\/div>\n\t\t","protected":false},"excerpt":{"rendered":"<p>Abre tu Centro Crew \u00bfQuieres formar parte de una red internacional de formaci\u00f3n en aviaci\u00f3n y llevar la excelencia de CREW a tu ciudad? Convi\u00e9rtete en franquiciado CREW y \u00fanete a una marca reconocida por su profesionalidad, calidad educativa y empleabilidad de sus alumnos. Beneficios de abrir tu centro CREW Integraci\u00f3n en una marca internacional [&hellip;]<\/p>\n","protected":false},"author":1,"featured_media":2908,"parent":0,"menu_order":0,"comment_status":"closed","ping_status":"closed","template":"","meta":{"footnotes":""},"class_list":["post-3456","page","type-page","status-publish","has-post-thumbnail","hentry"],"_links":{"self":[{"href":"https:\/\/crewschoolinternational.com\/es\/wp-json\/wp\/v2\/pages\/3456","targetHints":{"allow":["GET"]}}],"collection":[{"href":"https:\/\/crewschoolinternational.com\/es\/wp-json\/wp\/v2\/pages"}],"about":[{"href":"https:\/\/crewschoolinternational.com\/es\/wp-json\/wp\/v2\/types\/page"}],"author":[{"embeddable":true,"href":"https:\/\/crewschoolinternational.com\/es\/wp-json\/wp\/v2\/users\/1"}],"replies":[{"embeddable":true,"href":"https:\/\/crewschoolinternational.com\/es\/wp-json\/wp\/v2\/comments?post=3456"}],"version-history":[{"count":11,"href":"https:\/\/crewschoolinternational.com\/es\/wp-json\/wp\/v2\/pages\/3456\/revisions"}],"predecessor-version":[{"id":3482,"href":"https:\/\/crewschoolinternational.com\/es\/wp-json\/wp\/v2\/pages\/3456\/revisions\/3482"}],"wp:featuredmedia":[{"embeddable":true,"href":"https:\/\/crewschoolinternational.com\/es\/wp-json\/wp\/v2\/media\/2908"}],"wp:attachment":[{"href":"https:\/\/crewschoolinternational.com\/es\/wp-json\/wp\/v2\/media?parent=3456"}],"curies":[{"name":"wp","href":"https:\/\/api.w.org\/{rel}","templated":true}]}}